{"id":597,"date":"2022-07-28T15:52:56","date_gmt":"2022-07-28T15:52:56","guid":{"rendered":"https:\/\/escales-export.fr\/informacion-legal"},"modified":"2022-08-06T15:34:05","modified_gmt":"2022-08-06T15:34:05","slug":"informacion-legal","status":"publish","type":"page","link":"https:\/\/escales-export.fr\/es\/informacion-legal","title":{"rendered":"Informaci\u00f3n legal"},"content":{"rendered":"<p>[et_pb_section fb_built=\u00bb1&#8243; custom_padding_last_edited=\u00bbon|phone\u00bb _builder_version=\u00bb4.17.6&#8243; _module_preset=\u00bbdefault\u00bb custom_padding_tablet=\u00bb\u00bb custom_padding_phone=\u00bb||0px||false|false\u00bb animation_style=\u00bbfade\u00bb global_colors_info=\u00bb{}\u00bb][et_pb_row _builder_version=\u00bb4.17.6&#8243; _module_preset=\u00bbdefault\u00bb global_colors_info=\u00bb{}\u00bb][et_pb_column type=\u00bb4_4&#8243; _builder_version=\u00bb4.17.6&#8243; _module_preset=\u00bbdefault\u00bb global_colors_info=\u00bb{}\u00bb][et_pb_text module_class=\u00bbpol\u00bb _builder_version=\u00bb4.17.6&#8243; _module_preset=\u00bbdefault\u00bb text_text_color=\u00bb#000000&#8243; text_font_size=\u00bb15px\u00bb link_font=\u00bb|600|||||||\u00bb link_text_color=\u00bb#000000&#8243; link_font_size=\u00bb15px\u00bb header_font=\u00bbExpletus Sans|||on|||||\u00bb header_text_align=\u00bbcenter\u00bb header_text_color=\u00bb#b81c2d\u00bb header_2_font=\u00bbExpletus Sans|||on|||||\u00bb header_2_text_color=\u00bb#e8540f\u00bb header_2_font_size=\u00bb22px\u00bb header_font_size_tablet=\u00bb\u00bb header_font_size_phone=\u00bb26px\u00bb header_font_size_last_edited=\u00bbon|phone\u00bb header_2_font_size_phone=\u00bb22px\u00bb header_2_font_size_last_edited=\u00bboff|desktop\u00bb global_colors_info=\u00bb{}\u00bb]<\/p>\n<h1>Informaci\u00f3n legal<\/h1>\n<h2>1. Presentaci\u00f3n del sitio.<\/h2>\n<p>De conformidad con el art\u00edculo 6 de la Ley n\u00ba 2004-575, de 21 de junio de 2004, sobre la confianza en la econom\u00eda digital, se informa a los usuarios del sitio de <strong><br \/>\n  <a href=\"https:\/\/escales-export.fr\/es\">www.escales-export.fr<\/a><br \/>\n<\/strong> la identidad de las distintas partes implicadas en su creaci\u00f3n y control:<\/p>\n<p><strong>Propietario<\/strong>: Loic Poustis<br \/>\n<strong>Creador<\/strong>: <strong><br \/>\n  <a href=\"https:\/\/khalikrea.fr\/\">KhaliKr\u00e9a<\/a><br \/>\n<\/strong><br \/>\n<strong>Integrador<\/strong>: <strong><br \/>\n  <a href=\"https:\/\/westcoast-studio.fr\/\">Estudio de la Costa Oeste<\/a><br \/>\n<\/strong><br \/>\n<strong>Director de la publicaci\u00f3n<\/strong>: Loic Poustis &#8211; contact@escales-export.fr<br \/>\nEl responsable de la publicaci\u00f3n es una persona f\u00edsica o jur\u00eddica.<br \/>\n<strong>Webmaster<\/strong>: Khalikr\u00e9a &#8211; contact@khalikrea.fr<br \/>\n<strong>Anfitri\u00f3n<\/strong>: IONOS<br \/>\nPlantilla de aviso legal generada por Subdelirium.com <a target=\"_blank\" href=\"https:\/\/www.subdelirium.com\/generateur-de-mentions-legales\/\" alt=\"generador de avisos legales\" rel=\"noopener noreferrer\">Generador de avisos legales<\/a><\/p>\n<h2>2. Condiciones generales de uso del sitio y de los servicios ofrecidos.<\/h2>\n<p>El uso del sitio <strong><br \/>\n  <a href=\"https:\/\/escales-export.fr\/es\">www.escales-export.fr<\/a><br \/>\n<\/strong> implica la plena aceptaci\u00f3n de las condiciones generales de uso descritas a continuaci\u00f3n. Estas condiciones de uso pueden ser modificadas o completadas en cualquier momento. <strong><br \/>\n  <a href=\"https:\/\/escales-export.fr\/es\">www.escales-export.fr<\/a><br \/>\n<\/strong> por lo que se les invita a consultarlos regularmente.<\/p>\n<p>Este sitio es normalmente accesible a los usuarios en todo momento. No obstante, Loic Poustis puede decidir interrumpir el sitio web por motivos de mantenimiento t\u00e9cnico. En tal caso, Loic Poustis har\u00e1 todo lo posible por informar a los usuarios de las fechas y horas de la intervenci\u00f3n con antelaci\u00f3n.<\/p>\n<p>El sitio web <strong><br \/>\n  <a href=\"https:\/\/escales-export.fr\/es\">www.escales-export.fr<\/a><br \/>\n<\/strong> es mantenido por <strong><br \/>\n  <a href=\"https:\/\/khalikrea.fr\/\">KhaliKrea<\/a><br \/>\n<\/strong>. Del mismo modo, los avisos legales pueden modificarse en cualquier momento: no obstante, son vinculantes para el usuario, al que se invita a consultarlos con la mayor frecuencia posible para tomar nota de ellos.<\/p>\n<h2>3. Descripci\u00f3n de los servicios prestados.<\/h2>\n<p>El sitio web <strong><br \/>\n  <a href=\"https:\/\/www.escales-export.fr\/\">www.escales-export.fr<\/a><br \/>\n<\/strong> tiene por objeto proporcionar informaci\u00f3n sobre todas las actividades de la empresa.<\/p>\n<p>Loic Poustis se esfuerza por ofrecer en el sitio <strong><br \/>\n  <a href=\"https:\/\/www.escales-export.fr\/\">www.escales-export.fr<\/a><br \/>\n<\/strong> con informaci\u00f3n lo m\u00e1s precisa posible. Sin embargo, no se le puede responsabilizar de las omisiones, inexactitudes y deficiencias en la actualizaci\u00f3n, ya sea por su culpa o por la de los terceros asociados que le proporcionan esta informaci\u00f3n.<\/p>\n<p>Toda la informaci\u00f3n del sitio <strong><br \/>\n  <a href=\"https:\/\/www.escales-export.fr\/\">www.escales-export.fr<\/a><br \/>\n<\/strong> se da a t\u00edtulo indicativo y es probable que cambie. Adem\u00e1s, la informaci\u00f3n del sitio <strong><br \/>\n  <a href=\"https:\/\/www.escales-export.fr\/\">www.escales-export.fr<\/a><br \/>\n<\/strong> no es exhaustiva. Se dan a condici\u00f3n de que se hayan hecho cambios desde que se pusieron en l\u00ednea.<\/p>\n<h2>4. Limitaciones contractuales de los datos t\u00e9cnicos.<\/h2>\n<p>El sitio utiliza la tecnolog\u00eda JavaScript.<\/p>\n<p>El sitio web no se hace responsable de los da\u00f1os materiales relacionados con el uso del sitio web. Adem\u00e1s, el usuario del sitio se compromete a acceder al mismo utilizando equipos recientes y libres de virus con el \u00faltimo navegador actualizado<\/p>\n<h2>5. Propiedad intelectual y falsificaci\u00f3n.<\/h2>\n<p>Loic Poustis es el propietario de los derechos de propiedad intelectual o tiene los derechos de uso sobre todos los elementos accesibles en el sitio, en particular los textos, im\u00e1genes, gr\u00e1ficos, logotipos, iconos, sonidos y software.<\/p>\n<p>Cualquier reproducci\u00f3n, representaci\u00f3n, modificaci\u00f3n, publicaci\u00f3n, adaptaci\u00f3n de la totalidad o parte de los elementos del sitio, cualquiera que sea el medio o el procedimiento utilizado, est\u00e1 prohibida, salvo autorizaci\u00f3n previa por escrito de : Loic Poustis.<\/p>\n<p>Toda utilizaci\u00f3n no autorizada del sitio o de alguno de los elementos que contiene se considerar\u00e1 constitutiva de infracci\u00f3n y ser\u00e1 perseguida de conformidad con las disposiciones de los art\u00edculos L.335-2 y siguientes del C\u00f3digo de la Propiedad Intelectual.<\/p>\n<h2>6. Limitaciones de responsabilidad.<\/h2>\n<p>Loic Poustis no se hace responsable de los da\u00f1os directos e indirectos causados al equipo del usuario al acceder al sitio www.escales-export.fr, y que sean consecuencia bien del uso de un equipo que no cumpla las especificaciones indicadas en el punto 4, bien de la aparici\u00f3n de un error o de una incompatibilidad.<\/p>\n<p>Loic Poustis no se hace responsable de los da\u00f1os indirectos (como la p\u00e9rdida de mercado o la p\u00e9rdida de oportunidades) resultantes del uso del sitio <strong><br \/>\n  <a href=\"https:\/\/www.escales-export.fr\/\">www.escales-export.fr<\/a><br \/>\n<\/strong>.<\/p>\n<p>Los usuarios tienen a su disposici\u00f3n zonas interactivas (posibilidad de hacer preguntas en la zona de contacto). Loic Poustis se reserva el derecho de eliminar, sin previo aviso, cualquier contenido publicado en este espacio que contravenga la legislaci\u00f3n aplicable en Francia, en particular las disposiciones relativas a la protecci\u00f3n de datos. En su caso, Loic Poustis tambi\u00e9n se reserva el derecho de exigir la responsabilidad civil y\/o penal del usuario, especialmente en caso de mensajes de car\u00e1cter racista, insultante, difamatorio o pornogr\u00e1fico, sea cual sea el medio utilizado (texto, fotograf\u00edas, etc.).<\/p>\n<h2>7. Gesti\u00f3n de datos personales.<\/h2>\n<p>En Francia, los datos personales est\u00e1n protegidos por la ley n\u00ba 78-87 de 6 de enero de 1978, la ley n\u00ba 2004-801 de 6 de agosto de 2004, el art\u00edculo L. 226-13 del C\u00f3digo Penal y la Directiva Europea de 24 de octubre de 1995.<\/p>\n<p>Al utilizar el sitio <strong><br \/>\n  <a href=\"https:\/\/www.escales-export.fr\/\">www.escales-export.fr<\/a><br \/>\n<\/strong>Durante el uso del sitio, se puede recoger la siguiente informaci\u00f3n: la URL de los enlaces a trav\u00e9s de los cuales el usuario ha accedido al sitio, el proveedor de acceso del usuario, la direcci\u00f3n del protocolo de Internet (IP) del usuario. <strong><br \/>\n  <a href=\"https:\/\/www.escales-export.fr\/\">www.escales-export.fr<\/a><br \/>\n<\/strong>el proveedor de acceso del usuario, la direcci\u00f3n del Protocolo de Internet (IP) del usuario.<\/p>\n<p>  En cualquier caso, Loic Poustis s\u00f3lo recoge informaci\u00f3n personal sobre el usuario a efectos de determinados servicios ofrecidos por el sitio <strong><br \/>\n  <a href=\"https:\/\/www.escales-export.fr\/\">www.escales-export.fr<\/a><br \/>\n<\/strong>. El usuario proporciona esta informaci\u00f3n con pleno conocimiento de causa, en particular cuando la introduce \u00e9l mismo. A continuaci\u00f3n, se especifica al usuario del sitio <strong><br \/>\n  <a href=\"https:\/\/www.escales-export.fr\/\">www.escales-export.fr<\/a><br \/>\n<\/strong> la obligaci\u00f3n o no de proporcionar esta informaci\u00f3n.<\/p>\n<p>De conformidad con las disposiciones de los art\u00edculos 38 y siguientes de la ley 78-17 del 6 de enero de 1978 relativa a la inform\u00e1tica, a los archivos y a las libertades, todo usuario dispone de un derecho de acceso, de rectificaci\u00f3n y de oposici\u00f3n a los datos personales que le conciernen, mediante una solicitud escrita y firmada, acompa\u00f1ada de una copia del documento de identidad con la firma del titular del documento, precisando la direcci\u00f3n a la que debe enviarse la respuesta.<\/p>\n<p>Ninguna informaci\u00f3n personal del usuario del sitio <strong><br \/>\n  <a href=\"https:\/\/www.escales-export.fr\/\">www.escales-export.fr<\/a><br \/>\n<\/strong> se publique sin el conocimiento del usuario, se intercambie, se transfiera, se ceda o se venda en cualquier medio a terceros. S\u00f3lo la hip\u00f3tesis de la recompra de Loic Poustis y de sus derechos permitir\u00eda la transmisi\u00f3n de dichas informaciones al posible comprador que ser\u00eda a su vez tenido de la misma obligaci\u00f3n de conservaci\u00f3n y modificaci\u00f3n de los datos con respecto al usuario del sitio <strong><br \/>\n  <a href=\"https:\/\/www.escales-export.fr\/\">www.escales-export.fr<\/a><br \/>\n<\/strong>.<\/p>\n<p>El sitio no est\u00e1 declarado a la CNIL porque no recoge informaci\u00f3n personal.<\/p>\n<p>Las bases de datos est\u00e1n protegidas por las disposiciones de la ley de 1 de julio de 1998 que transpone la Directiva 96\/9 de 11 de marzo de 1996 sobre la protecci\u00f3n jur\u00eddica de las bases de datos.<\/p>\n<h2>8. Hiperv\u00ednculos y cookies.<\/h2>\n<p>El sitio web <strong><br \/>\n  <a href=\"https:\/\/www.escales-export.fr\/\">www.escales-export.fr<\/a><br \/>\n<\/strong> contiene una serie de hiperv\u00ednculos a otros sitios, creados con la autorizaci\u00f3n de Loic Poustis. Sin embargo, Loic Poustis no tiene la posibilidad de comprobar el contenido de los sitios as\u00ed visitados, y en consecuencia no asumir\u00e1 ninguna responsabilidad por este hecho.<\/p>\n<p>Navegar por el sitio <strong><br \/>\n  <a href=\"https:\/\/www.escales-export.fr\/\">www.escales-export.fr<\/a><br \/>\n<\/strong> puede hacer que se instalen cookies en el ordenador del usuario. Una cookie es un peque\u00f1o archivo, que no permite la identificaci\u00f3n del usuario, pero que registra informaci\u00f3n sobre la navegaci\u00f3n de un ordenador en un sitio. Los datos as\u00ed obtenidos est\u00e1n destinados a facilitar la navegaci\u00f3n posterior en el sitio, y tambi\u00e9n a permitir diversas medidas de frecuentaci\u00f3n.<\/p>\n<p>El rechazo a la instalaci\u00f3n de una cookie puede hacer imposible el acceso a determinados servicios. Sin embargo, el usuario puede configurar su ordenador de la siguiente manera para rechazar la instalaci\u00f3n de cookies:<\/p>\n<p>En Internet Explorer: pesta\u00f1a Herramientas (icono con forma de engranaje en la parte superior derecha) \/ Opciones de Internet. Haga clic en Privacidad y elija Bloquear todas las cookies. Confirme con Ok.<\/p>\n<p>En Firefox: en la parte superior de la ventana del navegador, haga clic en el bot\u00f3n de Firefox y luego vaya a la pesta\u00f1a Opciones. Haga clic en la pesta\u00f1a Privacidad.<br \/>\n  Establezca las reglas de retenci\u00f3n en: utilizar una configuraci\u00f3n personalizada para el historial. Por \u00faltimo, desmarque la casilla para desactivar las cookies.<\/p>\n<p>En Safari: haga clic en el icono del men\u00fa (simbolizado por un engranaje) situado en la parte superior derecha del navegador. Seleccione la configuraci\u00f3n. Haga clic en Mostrar configuraci\u00f3n avanzada. En la secci\u00f3n \u00abPrivacidad\u00bb, haga clic en Configuraci\u00f3n del contenido. En la secci\u00f3n \u00abCookies\u00bb, puede bloquear las cookies.<\/p>\n<p>En Chrome: haga clic en el icono del men\u00fa (simbolizado por tres l\u00edneas horizontales) situado en la parte superior derecha del navegador. Seleccione la configuraci\u00f3n. Haga clic en Mostrar configuraci\u00f3n avanzada. En la secci\u00f3n \u00abPrivacidad\u00bb, haga clic en las preferencias. En la pesta\u00f1a \u00abPrivacidad\u00bb, puede bloquear las cookies.<\/p>\n<h2>9. Legislaci\u00f3n y jurisdicci\u00f3n aplicables.<\/h2>\n<p>Cualquier disputa relacionada con el uso del sitio <strong><br \/>\n  <a href=\"https:\/\/www.escales-export.fr\/\">www.escales-export.fr<\/a><br \/>\n<\/strong> est\u00e1 sujeta a la legislaci\u00f3n francesa. Los tribunales competentes de Par\u00eds tienen jurisdicci\u00f3n exclusiva.<\/p>\n<h2>10. Las principales leyes implicadas.<\/h2>\n<p>Ley n\u00b0 78-17 de 6 de enero de 1978, modificada en particular por la ley n\u00b0 2004-801 de 6 de agosto de 2004 sobre la inform\u00e1tica, los archivos y las libertades.<\/p>\n<p>  Ley n\u00ba 2004-575 de 21 de junio de 2004 para la confianza en la econom\u00eda digital.<\/p>\n<h2>11. L\u00e9xico.<\/h2>\n<p>Usuario: usuario de Internet que se conecta y utiliza el sitio mencionado.<\/p>\n<p>Informaci\u00f3n personal: \u00abinformaci\u00f3n que permite, bajo cualquier forma, directa o indirectamente, la identificaci\u00f3n de las personas f\u00edsicas a las que se aplica\u00bb (art\u00edculo 4 de la ley n\u00b0 78-17 de 6 de enero de 1978).<\/p>\n<p>[\/et_pb_text][\/et_pb_column][\/et_pb_row][\/et_pb_section]<\/p>\n","protected":false},"excerpt":{"rendered":"<p>Informaci\u00f3n legal 1. Presentaci\u00f3n del sitio. De conformidad con el art\u00edculo 6 de la Ley n\u00ba 2004-575, de 21 de junio de 2004, sobre la confianza en la econom\u00eda digital, se informa a los usuarios del sitio de www.escales-export.fr la identidad de las distintas partes implicadas en su creaci\u00f3n y control: Propietario: Loic Poustis Creador: [&hellip;]<\/p>\n","protected":false},"author":1,"featured_media":0,"parent":0,"menu_order":0,"comment_status":"closed","ping_status":"closed","template":"","meta":{"_et_pb_use_builder":"on","_et_pb_old_content":"","_et_gb_content_width":"","footnotes":""},"class_list":["post-597","page","type-page","status-publish","hentry"],"yoast_head":"<!-- This site is optimized with the Yoast SEO plugin v23.3 - https:\/\/yoast.com\/wordpress\/plugins\/seo\/ -->\n<title>Informaci\u00f3n legal - Escales Export<\/title>\n<meta name=\"robots\" content=\"noindex, follow\" \/>\n<meta property=\"og:locale\" content=\"es_ES\" \/>\n<meta property=\"og:type\" content=\"article\" \/>\n<meta property=\"og:title\" content=\"Informaci\u00f3n legal - Escales Export\" \/>\n<meta property=\"og:description\" content=\"Informaci\u00f3n legal 1. Presentaci\u00f3n del sitio. De conformidad con el art\u00edculo 6 de la Ley n\u00ba 2004-575, de 21 de junio de 2004, sobre la confianza en la econom\u00eda digital, se informa a los usuarios del sitio de www.escales-export.fr la identidad de las distintas partes implicadas en su creaci\u00f3n y control: Propietario: Loic Poustis Creador: [&hellip;]\" \/>\n<meta property=\"og:url\" content=\"https:\/\/escales-export.fr\/es?page_id=597\" \/>\n<meta property=\"og:site_name\" content=\"Escales Export\" \/>\n<meta property=\"article:modified_time\" content=\"2022-08-06T15:34:05+00:00\" \/>\n<meta name=\"twitter:card\" content=\"summary_large_image\" \/>\n<meta name=\"twitter:label1\" content=\"Tiempo de lectura\" \/>\n\t<meta name=\"twitter:data1\" content=\"9 minutos\" \/>\n<script type=\"application\/ld+json\" class=\"yoast-schema-graph\">{\"@context\":\"https:\/\/schema.org\",\"@graph\":[{\"@type\":\"WebPage\",\"@id\":\"https:\/\/escales-export.fr\/es?page_id=597\",\"url\":\"https:\/\/escales-export.fr\/es?page_id=597\",\"name\":\"Informaci\u00f3n legal - Escales Export\",\"isPartOf\":{\"@id\":\"https:\/\/escales-export.fr\/#website\"},\"datePublished\":\"2022-07-28T15:52:56+00:00\",\"dateModified\":\"2022-08-06T15:34:05+00:00\",\"breadcrumb\":{\"@id\":\"https:\/\/escales-export.fr\/es?page_id=597#breadcrumb\"},\"inLanguage\":\"es\",\"potentialAction\":[{\"@type\":\"ReadAction\",\"target\":[\"https:\/\/escales-export.fr\/es?page_id=597\"]}]},{\"@type\":\"BreadcrumbList\",\"@id\":\"https:\/\/escales-export.fr\/es?page_id=597#breadcrumb\",\"itemListElement\":[{\"@type\":\"ListItem\",\"position\":1,\"name\":\"Accueil\",\"item\":\"https:\/\/escales-export.fr\/es\/inicio\"},{\"@type\":\"ListItem\",\"position\":2,\"name\":\"Informaci\u00f3n legal\"}]},{\"@type\":\"WebSite\",\"@id\":\"https:\/\/escales-export.fr\/#website\",\"url\":\"https:\/\/escales-export.fr\/\",\"name\":\"Escales Export\",\"description\":\"\",\"publisher\":{\"@id\":\"https:\/\/escales-export.fr\/#organization\"},\"potentialAction\":[{\"@type\":\"SearchAction\",\"target\":{\"@type\":\"EntryPoint\",\"urlTemplate\":\"https:\/\/escales-export.fr\/?s={search_term_string}\"},\"query-input\":\"required name=search_term_string\"}],\"inLanguage\":\"es\"},{\"@type\":\"Organization\",\"@id\":\"https:\/\/escales-export.fr\/#organization\",\"name\":\"Escales Export\",\"url\":\"https:\/\/escales-export.fr\/\",\"logo\":{\"@type\":\"ImageObject\",\"inLanguage\":\"es\",\"@id\":\"https:\/\/escales-export.fr\/#\/schema\/logo\/image\/\",\"url\":\"https:\/\/escales-export.fr\/wp-content\/uploads\/2022\/07\/escales-export.png\",\"contentUrl\":\"https:\/\/escales-export.fr\/wp-content\/uploads\/2022\/07\/escales-export.png\",\"width\":338,\"height\":159,\"caption\":\"Escales Export\"},\"image\":{\"@id\":\"https:\/\/escales-export.fr\/#\/schema\/logo\/image\/\"}}]}<\/script>\n<!-- \/ Yoast SEO plugin. -->","yoast_head_json":{"title":"Informaci\u00f3n legal - Escales Export","robots":{"index":"noindex","follow":"follow"},"og_locale":"es_ES","og_type":"article","og_title":"Informaci\u00f3n legal - Escales Export","og_description":"Informaci\u00f3n legal 1. Presentaci\u00f3n del sitio. De conformidad con el art\u00edculo 6 de la Ley n\u00ba 2004-575, de 21 de junio de 2004, sobre la confianza en la econom\u00eda digital, se informa a los usuarios del sitio de www.escales-export.fr la identidad de las distintas partes implicadas en su creaci\u00f3n y control: Propietario: Loic Poustis Creador: [&hellip;]","og_url":"https:\/\/escales-export.fr\/es?page_id=597","og_site_name":"Escales Export","article_modified_time":"2022-08-06T15:34:05+00:00","twitter_card":"summary_large_image","twitter_misc":{"Tiempo de lectura":"9 minutos"},"schema":{"@context":"https:\/\/schema.org","@graph":[{"@type":"WebPage","@id":"https:\/\/escales-export.fr\/es?page_id=597","url":"https:\/\/escales-export.fr\/es?page_id=597","name":"Informaci\u00f3n legal - Escales Export","isPartOf":{"@id":"https:\/\/escales-export.fr\/#website"},"datePublished":"2022-07-28T15:52:56+00:00","dateModified":"2022-08-06T15:34:05+00:00","breadcrumb":{"@id":"https:\/\/escales-export.fr\/es?page_id=597#breadcrumb"},"inLanguage":"es","potentialAction":[{"@type":"ReadAction","target":["https:\/\/escales-export.fr\/es?page_id=597"]}]},{"@type":"BreadcrumbList","@id":"https:\/\/escales-export.fr\/es?page_id=597#breadcrumb","itemListElement":[{"@type":"ListItem","position":1,"name":"Accueil","item":"https:\/\/escales-export.fr\/es\/inicio"},{"@type":"ListItem","position":2,"name":"Informaci\u00f3n legal"}]},{"@type":"WebSite","@id":"https:\/\/escales-export.fr\/#website","url":"https:\/\/escales-export.fr\/","name":"Escales Export","description":"","publisher":{"@id":"https:\/\/escales-export.fr\/#organization"},"potentialAction":[{"@type":"SearchAction","target":{"@type":"EntryPoint","urlTemplate":"https:\/\/escales-export.fr\/?s={search_term_string}"},"query-input":"required name=search_term_string"}],"inLanguage":"es"},{"@type":"Organization","@id":"https:\/\/escales-export.fr\/#organization","name":"Escales Export","url":"https:\/\/escales-export.fr\/","logo":{"@type":"ImageObject","inLanguage":"es","@id":"https:\/\/escales-export.fr\/#\/schema\/logo\/image\/","url":"https:\/\/escales-export.fr\/wp-content\/uploads\/2022\/07\/escales-export.png","contentUrl":"https:\/\/escales-export.fr\/wp-content\/uploads\/2022\/07\/escales-export.png","width":338,"height":159,"caption":"Escales Export"},"image":{"@id":"https:\/\/escales-export.fr\/#\/schema\/logo\/image\/"}}]}},"_links":{"self":[{"href":"https:\/\/escales-export.fr\/es\/wp-json\/wp\/v2\/pages\/597"}],"collection":[{"href":"https:\/\/escales-export.fr\/es\/wp-json\/wp\/v2\/pages"}],"about":[{"href":"https:\/\/escales-export.fr\/es\/wp-json\/wp\/v2\/types\/page"}],"author":[{"embeddable":true,"href":"https:\/\/escales-export.fr\/es\/wp-json\/wp\/v2\/users\/1"}],"replies":[{"embeddable":true,"href":"https:\/\/escales-export.fr\/es\/wp-json\/wp\/v2\/comments?post=597"}],"version-history":[{"count":5,"href":"https:\/\/escales-export.fr\/es\/wp-json\/wp\/v2\/pages\/597\/revisions"}],"predecessor-version":[{"id":907,"href":"https:\/\/escales-export.fr\/es\/wp-json\/wp\/v2\/pages\/597\/revisions\/907"}],"wp:attachment":[{"href":"https:\/\/escales-export.fr\/es\/wp-json\/wp\/v2\/media?parent=597"}],"curies":[{"name":"wp","href":"https:\/\/api.w.org\/{rel}","templated":true}]}}