{"id":572,"date":"2022-07-28T15:06:34","date_gmt":"2022-07-28T15:06:34","guid":{"rendered":"https:\/\/escales-export.fr\/politica-de-privacidad"},"modified":"2022-08-01T14:28:47","modified_gmt":"2022-08-01T14:28:47","slug":"politica-de-privacidad","status":"publish","type":"page","link":"https:\/\/escales-export.fr\/es\/politica-de-privacidad","title":{"rendered":"Pol\u00edtica de privacidad"},"content":{"rendered":"<p>[et_pb_section fb_built=\u00bb1&#8243; custom_padding_last_edited=\u00bbon|phone\u00bb module_class=\u00bbpol\u00bb _builder_version=\u00bb4.17.6&#8243; _module_preset=\u00bbdefault\u00bb custom_padding_tablet=\u00bb\u00bb custom_padding_phone=\u00bb||0px||false|false\u00bb hover_enabled=\u00bb0&#8243; global_colors_info=\u00bb{}\u00bb animation_style=\u00bbfade\u00bb sticky_enabled=\u00bb0&#8243;][et_pb_row _builder_version=\u00bb4.17.6&#8243; _module_preset=\u00bbdefault\u00bb global_colors_info=\u00bb{}\u00bb][et_pb_column type=\u00bb4_4&#8243; _builder_version=\u00bb4.17.6&#8243; _module_preset=\u00bbdefault\u00bb global_colors_info=\u00bb{}\u00bb][et_pb_text _builder_version=\u00bb4.17.6&#8243; _module_preset=\u00bbdefault\u00bb text_text_color=\u00bb#000000&#8243; text_font_size=\u00bb15px\u00bb header_font=\u00bbExpletus Sans|||on|||||\u00bb header_text_align=\u00bbcenter\u00bb header_text_color=\u00bb#b81c2d\u00bb header_2_font=\u00bbExpletus Sans|||on|||||\u00bb header_2_text_color=\u00bb#e8540f\u00bb header_font_size_tablet=\u00bb\u00bb header_font_size_phone=\u00bb26px\u00bb header_font_size_last_edited=\u00bbon|phone\u00bb header_2_font_size_tablet=\u00bb\u00bb header_2_font_size_phone=\u00bb22px\u00bb header_2_font_size_last_edited=\u00bbon|phone\u00bb global_colors_info=\u00bb{}\u00bb]<\/p>\n<h1>POL\u00cdTICA DE PRIVACIDAD<\/h1>\n<p>Con el desarrollo de nuevas herramientas de comunicaci\u00f3n, es necesario prestar especial atenci\u00f3n a la protecci\u00f3n de la privacidad. Por esta raz\u00f3n, nos comprometemos a respetar la confidencialidad de la informaci\u00f3n personal que recogemos.<\/p>\n<h2>RECOGIDA DE INFORMACI\u00d3N PERSONAL<\/h2>\n<p>Recogemos la siguiente informaci\u00f3n:<\/p>\n<ul>\n<li>Empresa<\/li>\n<li>Nombre<\/li>\n<li>Direcci\u00f3n de correo electr\u00f3nico<\/li>\n<\/ul>\n<p>La informaci\u00f3n personal que recopilamos se recoge a trav\u00e9s de formularios y de la interactividad entre usted y nuestro sitio web. Tambi\u00e9n utilizamos cookies y\/o registros, como se describe en la siguiente secci\u00f3n, para recopilar informaci\u00f3n sobre usted.<\/p>\n<h2>FORMAS E INTERACTIVIDAD<\/h2>\n<p>Utilizamos los datos introducidos en el formulario de contacto \u00fanicamente para ponernos en contacto con usted en relaci\u00f3n con su solicitud.<\/p>\n<h2>DERECHO DE OBJECI\u00d3N Y RETIRADA<\/h2>\n<p>Nos comprometemos a proporcionarle el derecho a oponerse y retirar su informaci\u00f3n personal.<br \/>\nEl derecho de oposici\u00f3n se entiende como la posibilidad que se ofrece a los usuarios de Internet de negarse a que sus datos personales se utilicen para determinados fines mencionados en el momento de la recogida.<br \/>\nSe entiende por derecho de exclusi\u00f3n la posibilidad de que los usuarios de Internet soliciten que sus datos personales dejen de aparecer, por ejemplo, en una lista de correo.<br \/>\nPara ejercer estos derechos, puede notificarlo a trav\u00e9s de :<br \/>\nCorreo electr\u00f3nico: <strong>loicpoustis@gmail.com<\/strong><br \/>\nTel\u00e9fono: <strong>06 84 12 56 74 <\/strong> <\/p>\n<h2>DERECHO DE ACCESO<\/h2>\n<p>Nos comprometemos a conceder un derecho de acceso y rectificaci\u00f3n a los interesados que deseen consultar, modificar o incluso suprimir la informaci\u00f3n que les concierne.<br \/>\nEste derecho puede ejercerse a trav\u00e9s de :<br \/>\nCorreo electr\u00f3nico: <strong>loicpoustis@gmail.com<\/strong><br \/>\nTel\u00e9fono: <strong>06 84 12 56 74 <\/strong> <\/p>\n<h2>SEGURIDAD<\/h2>\n<p>La informaci\u00f3n personal que recogemos se guarda en un entorno seguro. Las personas que trabajan para nosotros est\u00e1n obligadas a mantener la confidencialidad de sus datos.<br \/>\nPara garantizar la seguridad de su informaci\u00f3n personal, utilizamos las siguientes medidas:<\/p>\n<ul>\n<li>Protocolo Secure Sockets Layer (SSL)<\/li>\n<li>Copia de seguridad del ordenador<\/li>\n<\/ul>\n<p>Nos comprometemos a mantener un alto nivel de confidencialidad incorporando las \u00faltimas innovaciones tecnol\u00f3gicas para garantizar la privacidad de sus transacciones. Sin embargo, como ning\u00fan mecanismo ofrece la m\u00e1xima seguridad, siempre existe un grado de riesgo al utilizar Internet para transmitir informaci\u00f3n personal.[\/et_pb_text][\/et_pb_column][\/et_pb_row][\/et_pb_section]<\/p>\n","protected":false},"excerpt":{"rendered":"<p>POL\u00cdTICA DE PRIVACIDAD Con el desarrollo de nuevas herramientas de comunicaci\u00f3n, es necesario prestar especial atenci\u00f3n a la protecci\u00f3n de la privacidad. Por esta raz\u00f3n, nos comprometemos a respetar la confidencialidad de la informaci\u00f3n personal que recogemos. RECOGIDA DE INFORMACI\u00d3N PERSONAL Recogemos la siguiente informaci\u00f3n: Empresa Nombre Direcci\u00f3n de correo electr\u00f3nico La informaci\u00f3n personal que [&hellip;]<\/p>\n","protected":false},"author":1,"featured_media":0,"parent":0,"menu_order":0,"comment_status":"closed","ping_status":"closed","template":"","meta":{"_et_pb_use_builder":"on","_et_pb_old_content":"","_et_gb_content_width":"","footnotes":""},"class_list":["post-572","page","type-page","status-publish","hentry"],"yoast_head":"<!-- This site is optimized with the Yoast SEO plugin v23.3 - https:\/\/yoast.com\/wordpress\/plugins\/seo\/ -->\n<title>Pol\u00edtica de privacidad - Escales Export<\/title>\n<meta name=\"robots\" content=\"noindex, follow\" \/>\n<meta property=\"og:locale\" content=\"es_ES\" \/>\n<meta property=\"og:type\" content=\"article\" \/>\n<meta property=\"og:title\" content=\"Pol\u00edtica de privacidad - Escales Export\" \/>\n<meta property=\"og:description\" content=\"POL\u00cdTICA DE PRIVACIDAD Con el desarrollo de nuevas herramientas de comunicaci\u00f3n, es necesario prestar especial atenci\u00f3n a la protecci\u00f3n de la privacidad. Por esta raz\u00f3n, nos comprometemos a respetar la confidencialidad de la informaci\u00f3n personal que recogemos. RECOGIDA DE INFORMACI\u00d3N PERSONAL Recogemos la siguiente informaci\u00f3n: Empresa Nombre Direcci\u00f3n de correo electr\u00f3nico La informaci\u00f3n personal que [&hellip;]\" \/>\n<meta property=\"og:url\" content=\"https:\/\/escales-export.fr\/es?page_id=572\" \/>\n<meta property=\"og:site_name\" content=\"Escales Export\" \/>\n<meta property=\"article:modified_time\" content=\"2022-08-01T14:28:47+00:00\" \/>\n<meta name=\"twitter:card\" content=\"summary_large_image\" \/>\n<meta name=\"twitter:label1\" content=\"Tiempo de lectura\" \/>\n\t<meta name=\"twitter:data1\" content=\"3 minutos\" \/>\n<script type=\"application\/ld+json\" class=\"yoast-schema-graph\">{\"@context\":\"https:\/\/schema.org\",\"@graph\":[{\"@type\":\"WebPage\",\"@id\":\"https:\/\/escales-export.fr\/es?page_id=572\",\"url\":\"https:\/\/escales-export.fr\/es?page_id=572\",\"name\":\"Pol\u00edtica de privacidad - Escales Export\",\"isPartOf\":{\"@id\":\"https:\/\/escales-export.fr\/#website\"},\"datePublished\":\"2022-07-28T15:06:34+00:00\",\"dateModified\":\"2022-08-01T14:28:47+00:00\",\"breadcrumb\":{\"@id\":\"https:\/\/escales-export.fr\/es?page_id=572#breadcrumb\"},\"inLanguage\":\"es\",\"potentialAction\":[{\"@type\":\"ReadAction\",\"target\":[\"https:\/\/escales-export.fr\/es?page_id=572\"]}]},{\"@type\":\"BreadcrumbList\",\"@id\":\"https:\/\/escales-export.fr\/es?page_id=572#breadcrumb\",\"itemListElement\":[{\"@type\":\"ListItem\",\"position\":1,\"name\":\"Accueil\",\"item\":\"https:\/\/escales-export.fr\/es\/inicio\"},{\"@type\":\"ListItem\",\"position\":2,\"name\":\"Pol\u00edtica de privacidad\"}]},{\"@type\":\"WebSite\",\"@id\":\"https:\/\/escales-export.fr\/#website\",\"url\":\"https:\/\/escales-export.fr\/\",\"name\":\"Escales Export\",\"description\":\"\",\"publisher\":{\"@id\":\"https:\/\/escales-export.fr\/#organization\"},\"potentialAction\":[{\"@type\":\"SearchAction\",\"target\":{\"@type\":\"EntryPoint\",\"urlTemplate\":\"https:\/\/escales-export.fr\/?s={search_term_string}\"},\"query-input\":\"required name=search_term_string\"}],\"inLanguage\":\"es\"},{\"@type\":\"Organization\",\"@id\":\"https:\/\/escales-export.fr\/#organization\",\"name\":\"Escales Export\",\"url\":\"https:\/\/escales-export.fr\/\",\"logo\":{\"@type\":\"ImageObject\",\"inLanguage\":\"es\",\"@id\":\"https:\/\/escales-export.fr\/#\/schema\/logo\/image\/\",\"url\":\"https:\/\/escales-export.fr\/wp-content\/uploads\/2022\/07\/escales-export.png\",\"contentUrl\":\"https:\/\/escales-export.fr\/wp-content\/uploads\/2022\/07\/escales-export.png\",\"width\":338,\"height\":159,\"caption\":\"Escales Export\"},\"image\":{\"@id\":\"https:\/\/escales-export.fr\/#\/schema\/logo\/image\/\"}}]}<\/script>\n<!-- \/ Yoast SEO plugin. -->","yoast_head_json":{"title":"Pol\u00edtica de privacidad - Escales Export","robots":{"index":"noindex","follow":"follow"},"og_locale":"es_ES","og_type":"article","og_title":"Pol\u00edtica de privacidad - Escales Export","og_description":"POL\u00cdTICA DE PRIVACIDAD Con el desarrollo de nuevas herramientas de comunicaci\u00f3n, es necesario prestar especial atenci\u00f3n a la protecci\u00f3n de la privacidad. Por esta raz\u00f3n, nos comprometemos a respetar la confidencialidad de la informaci\u00f3n personal que recogemos. RECOGIDA DE INFORMACI\u00d3N PERSONAL Recogemos la siguiente informaci\u00f3n: Empresa Nombre Direcci\u00f3n de correo electr\u00f3nico La informaci\u00f3n personal que [&hellip;]","og_url":"https:\/\/escales-export.fr\/es?page_id=572","og_site_name":"Escales Export","article_modified_time":"2022-08-01T14:28:47+00:00","twitter_card":"summary_large_image","twitter_misc":{"Tiempo de lectura":"3 minutos"},"schema":{"@context":"https:\/\/schema.org","@graph":[{"@type":"WebPage","@id":"https:\/\/escales-export.fr\/es?page_id=572","url":"https:\/\/escales-export.fr\/es?page_id=572","name":"Pol\u00edtica de privacidad - Escales Export","isPartOf":{"@id":"https:\/\/escales-export.fr\/#website"},"datePublished":"2022-07-28T15:06:34+00:00","dateModified":"2022-08-01T14:28:47+00:00","breadcrumb":{"@id":"https:\/\/escales-export.fr\/es?page_id=572#breadcrumb"},"inLanguage":"es","potentialAction":[{"@type":"ReadAction","target":["https:\/\/escales-export.fr\/es?page_id=572"]}]},{"@type":"BreadcrumbList","@id":"https:\/\/escales-export.fr\/es?page_id=572#breadcrumb","itemListElement":[{"@type":"ListItem","position":1,"name":"Accueil","item":"https:\/\/escales-export.fr\/es\/inicio"},{"@type":"ListItem","position":2,"name":"Pol\u00edtica de privacidad"}]},{"@type":"WebSite","@id":"https:\/\/escales-export.fr\/#website","url":"https:\/\/escales-export.fr\/","name":"Escales Export","description":"","publisher":{"@id":"https:\/\/escales-export.fr\/#organization"},"potentialAction":[{"@type":"SearchAction","target":{"@type":"EntryPoint","urlTemplate":"https:\/\/escales-export.fr\/?s={search_term_string}"},"query-input":"required name=search_term_string"}],"inLanguage":"es"},{"@type":"Organization","@id":"https:\/\/escales-export.fr\/#organization","name":"Escales Export","url":"https:\/\/escales-export.fr\/","logo":{"@type":"ImageObject","inLanguage":"es","@id":"https:\/\/escales-export.fr\/#\/schema\/logo\/image\/","url":"https:\/\/escales-export.fr\/wp-content\/uploads\/2022\/07\/escales-export.png","contentUrl":"https:\/\/escales-export.fr\/wp-content\/uploads\/2022\/07\/escales-export.png","width":338,"height":159,"caption":"Escales Export"},"image":{"@id":"https:\/\/escales-export.fr\/#\/schema\/logo\/image\/"}}]}},"_links":{"self":[{"href":"https:\/\/escales-export.fr\/es\/wp-json\/wp\/v2\/pages\/572"}],"collection":[{"href":"https:\/\/escales-export.fr\/es\/wp-json\/wp\/v2\/pages"}],"about":[{"href":"https:\/\/escales-export.fr\/es\/wp-json\/wp\/v2\/types\/page"}],"author":[{"embeddable":true,"href":"https:\/\/escales-export.fr\/es\/wp-json\/wp\/v2\/users\/1"}],"replies":[{"embeddable":true,"href":"https:\/\/escales-export.fr\/es\/wp-json\/wp\/v2\/comments?post=572"}],"version-history":[{"count":3,"href":"https:\/\/escales-export.fr\/es\/wp-json\/wp\/v2\/pages\/572\/revisions"}],"predecessor-version":[{"id":578,"href":"https:\/\/escales-export.fr\/es\/wp-json\/wp\/v2\/pages\/572\/revisions\/578"}],"wp:attachment":[{"href":"https:\/\/escales-export.fr\/es\/wp-json\/wp\/v2\/media?parent=572"}],"curies":[{"name":"wp","href":"https:\/\/api.w.org\/{rel}","templated":true}]}}